{"id":39,"date":"2016-08-09T11:02:17","date_gmt":"2016-08-09T09:02:17","guid":{"rendered":"http:\/\/localhost\/ziegler_erden\/zieglererden_relaunch_2016\/wp\/?page_id=39"},"modified":"2024-11-07T15:00:35","modified_gmt":"2024-11-07T14:00:35","slug":"produkte","status":"publish","type":"page","link":"https:\/\/2025.ziegler-erden.de\/en\/produkte\/","title":{"rendered":"Products"},"content":{"rendered":"","protected":false},"excerpt":{"rendered":"","protected":false},"author":2,"featured_media":0,"parent":0,"menu_order":3,"comment_status":"closed","ping_status":"closed","template":"page-products.php","meta":{"_acf_changed":false,"footnotes":""},"class_list":["post-39","page","type-page","status-publish","hentry"],"acf":[],"yoast_head":"<!-- This site is optimized with the Yoast SEO plugin v24.5 - https:\/\/yoast.com\/wordpress\/plugins\/seo\/ -->\n<title>Ziegler Erden D\u00fcnger Brennstoffe - Produkte<\/title>\n<meta name=\"description\" content=\"Das Ziegler Sortiment bietet vielf\u00e4ltige Produkte. Entdecken Sie unsere Produktserien f\u00fcr torffreie Erden, D\u00fcnger und Brennstoffe.\" \/>\n<meta name=\"robots\" content=\"index, follow, max-snippet:-1, max-image-preview:large, max-video-preview:-1\" \/>\n<link rel=\"canonical\" href=\"https:\/\/2025.ziegler-erden.de\/produkte\/\" \/>\n<meta property=\"og:locale\" content=\"en_US\" \/>\n<meta property=\"og:type\" content=\"article\" \/>\n<meta property=\"og:title\" content=\"Ziegler Erden D\u00fcnger Brennstoffe - Produkte\" \/>\n<meta property=\"og:description\" content=\"Das Ziegler Sortiment bietet vielf\u00e4ltige Produkte. Entdecken Sie unsere Produktserien f\u00fcr torffreie Erden, D\u00fcnger und Brennstoffe.\" \/>\n<meta property=\"og:url\" content=\"https:\/\/2025.ziegler-erden.de\/produkte\/\" \/>\n<meta property=\"og:site_name\" content=\"Ziegler-Erden\" \/>\n<meta property=\"article:modified_time\" content=\"2024-11-07T14:00:35+00:00\" \/>\n<meta property=\"og:image\" content=\"http:\/\/2025.ziegler-erden.de\/wp-content\/uploads\/2016\/08\/zieglererden_products_share_1200x630.jpg\" \/>\n<meta name=\"twitter:card\" content=\"summary_large_image\" \/>\n<script type=\"application\/ld+json\" class=\"yoast-schema-graph\">{\"@context\":\"https:\/\/schema.org\",\"@graph\":[{\"@type\":\"WebPage\",\"@id\":\"https:\/\/2025.ziegler-erden.de\/produkte\/\",\"url\":\"https:\/\/2025.ziegler-erden.de\/produkte\/\",\"name\":\"Ziegler Erden D\u00fcnger Brennstoffe - Produkte\",\"isPartOf\":{\"@id\":\"https:\/\/2025.ziegler-erden.de\/#website\"},\"datePublished\":\"2016-08-09T09:02:17+00:00\",\"dateModified\":\"2024-11-07T14:00:35+00:00\",\"description\":\"Das Ziegler Sortiment bietet vielf\u00e4ltige Produkte. Entdecken Sie unsere Produktserien f\u00fcr torffreie Erden, D\u00fcnger und Brennstoffe.\",\"inLanguage\":\"en-US\",\"potentialAction\":[{\"@type\":\"ReadAction\",\"target\":[\"https:\/\/2025.ziegler-erden.de\/produkte\/\"]}]},{\"@type\":\"WebSite\",\"@id\":\"https:\/\/2025.ziegler-erden.de\/#website\",\"url\":\"https:\/\/2025.ziegler-erden.de\/\",\"name\":\"Ziegler-Erden\",\"description\":\"Blumenerde, D\u00fcnger und Brennstoffe.\",\"potentialAction\":[{\"@type\":\"SearchAction\",\"target\":{\"@type\":\"EntryPoint\",\"urlTemplate\":\"https:\/\/2025.ziegler-erden.de\/?s={search_term_string}\"},\"query-input\":{\"@type\":\"PropertyValueSpecification\",\"valueRequired\":true,\"valueName\":\"search_term_string\"}}],\"inLanguage\":\"en-US\"}]}<\/script>\n<!-- \/ Yoast SEO plugin. -->","yoast_head_json":{"title":"Ziegler Erden D\u00fcnger Brennstoffe - Produkte","description":"Das Ziegler Sortiment bietet vielf\u00e4ltige Produkte. Entdecken Sie unsere Produktserien f\u00fcr torffreie Erden, D\u00fcnger und Brennstoffe.","robots":{"index":"index","follow":"follow","max-snippet":"max-snippet:-1","max-image-preview":"max-image-preview:large","max-video-preview":"max-video-preview:-1"},"canonical":"https:\/\/2025.ziegler-erden.de\/produkte\/","og_locale":"en_US","og_type":"article","og_title":"Ziegler Erden D\u00fcnger Brennstoffe - Produkte","og_description":"Das Ziegler Sortiment bietet vielf\u00e4ltige Produkte. Entdecken Sie unsere Produktserien f\u00fcr torffreie Erden, D\u00fcnger und Brennstoffe.","og_url":"https:\/\/2025.ziegler-erden.de\/produkte\/","og_site_name":"Ziegler-Erden","article_modified_time":"2024-11-07T14:00:35+00:00","og_image":[{"url":"http:\/\/2025.ziegler-erden.de\/wp-content\/uploads\/2016\/08\/zieglererden_products_share_1200x630.jpg","type":"","width":"","height":""}],"twitter_card":"summary_large_image","schema":{"@context":"https:\/\/schema.org","@graph":[{"@type":"WebPage","@id":"https:\/\/2025.ziegler-erden.de\/produkte\/","url":"https:\/\/2025.ziegler-erden.de\/produkte\/","name":"Ziegler Erden D\u00fcnger Brennstoffe - Produkte","isPartOf":{"@id":"https:\/\/2025.ziegler-erden.de\/#website"},"datePublished":"2016-08-09T09:02:17+00:00","dateModified":"2024-11-07T14:00:35+00:00","description":"Das Ziegler Sortiment bietet vielf\u00e4ltige Produkte. Entdecken Sie unsere Produktserien f\u00fcr torffreie Erden, D\u00fcnger und Brennstoffe.","inLanguage":"en-US","potentialAction":[{"@type":"ReadAction","target":["https:\/\/2025.ziegler-erden.de\/produkte\/"]}]},{"@type":"WebSite","@id":"https:\/\/2025.ziegler-erden.de\/#website","url":"https:\/\/2025.ziegler-erden.de\/","name":"Ziegler-Erden","description":"Blumenerde, D\u00fcnger und Brennstoffe.","potentialAction":[{"@type":"SearchAction","target":{"@type":"EntryPoint","urlTemplate":"https:\/\/2025.ziegler-erden.de\/?s={search_term_string}"},"query-input":{"@type":"PropertyValueSpecification","valueRequired":true,"valueName":"search_term_string"}}],"inLanguage":"en-US"}]}},"_links":{"self":[{"href":"https:\/\/2025.ziegler-erden.de\/en\/wp-json\/wp\/v2\/pages\/39","targetHints":{"allow":["GET"]}}],"collection":[{"href":"https:\/\/2025.ziegler-erden.de\/en\/wp-json\/wp\/v2\/pages"}],"about":[{"href":"https:\/\/2025.ziegler-erden.de\/en\/wp-json\/wp\/v2\/types\/page"}],"author":[{"embeddable":true,"href":"https:\/\/2025.ziegler-erden.de\/en\/wp-json\/wp\/v2\/users\/2"}],"replies":[{"embeddable":true,"href":"https:\/\/2025.ziegler-erden.de\/en\/wp-json\/wp\/v2\/comments?post=39"}],"version-history":[{"count":42,"href":"https:\/\/2025.ziegler-erden.de\/en\/wp-json\/wp\/v2\/pages\/39\/revisions"}],"predecessor-version":[{"id":6937,"href":"https:\/\/2025.ziegler-erden.de\/en\/wp-json\/wp\/v2\/pages\/39\/revisions\/6937"}],"wp:attachment":[{"href":"https:\/\/2025.ziegler-erden.de\/en\/wp-json\/wp\/v2\/media?parent=39"}],"curies":[{"name":"wp","href":"https:\/\/api.w.org\/{rel}","templated":true}]}}