{"id":413,"date":"2016-08-14T15:31:38","date_gmt":"2016-08-14T13:31:38","guid":{"rendered":"http:\/\/localhost\/ziegler_erden\/zieglererden_relaunch_2016\/wp\/?page_id=413"},"modified":"2019-02-28T23:19:47","modified_gmt":"2019-02-28T22:19:47","slug":"produktion-erden","status":"publish","type":"page","link":"https:\/\/2025.ziegler-erden.de\/en\/ueber-uns\/produktion-erden\/","title":{"rendered":"Potting compost production"},"content":{"rendered":"","protected":false},"excerpt":{"rendered":"","protected":false},"author":2,"featured_media":0,"parent":26,"menu_order":5,"comment_status":"closed","ping_status":"closed","template":"page-standard.php","meta":{"_acf_changed":false,"footnotes":""},"class_list":["post-413","page","type-page","status-publish","hentry"],"acf":[],"yoast_head":"<!-- This site is optimized with the Yoast SEO plugin v24.5 - https:\/\/yoast.com\/wordpress\/plugins\/seo\/ -->\n<title>Ziegler Erden - Produktion Blumenerde<\/title>\n<meta name=\"description\" content=\"Im Erdenwerk Ziegler werden Blumenerden, Substrate und Mulche entwickelt und produziert, die den Bedarf f\u00fcr Profi- und Hobbyg\u00e4rtner gleicherma\u00dfen decken.\" \/>\n<meta name=\"robots\" content=\"index, follow, max-snippet:-1, max-image-preview:large, max-video-preview:-1\" \/>\n<link rel=\"canonical\" href=\"https:\/\/2025.ziegler-erden.de\/ueber-uns\/produktion-erden\/\" \/>\n<meta property=\"og:locale\" content=\"en_US\" \/>\n<meta property=\"og:type\" content=\"article\" \/>\n<meta property=\"og:title\" content=\"Ziegler Erden - Produktion Blumenerde\" \/>\n<meta property=\"og:description\" content=\"Im Erdenwerk Ziegler werden Blumenerden, Substrate und Mulche entwickelt und produziert, die den Bedarf f\u00fcr Profi- und Hobbyg\u00e4rtner gleicherma\u00dfen decken.\" \/>\n<meta property=\"og:url\" content=\"https:\/\/2025.ziegler-erden.de\/ueber-uns\/produktion-erden\/\" \/>\n<meta property=\"og:site_name\" content=\"Ziegler-Erden\" \/>\n<meta property=\"article:modified_time\" content=\"2019-02-28T22:19:47+00:00\" \/>\n<meta property=\"og:image\" content=\"http:\/\/2025.ziegler-erden.de\/wp-content\/uploads\/2016\/08\/zieglererden_produktion_erden.jpg\" \/>\n<meta name=\"twitter:card\" content=\"summary_large_image\" \/>\n<script type=\"application\/ld+json\" class=\"yoast-schema-graph\">{\"@context\":\"https:\/\/schema.org\",\"@graph\":[{\"@type\":\"WebPage\",\"@id\":\"https:\/\/2025.ziegler-erden.de\/ueber-uns\/produktion-erden\/\",\"url\":\"https:\/\/2025.ziegler-erden.de\/ueber-uns\/produktion-erden\/\",\"name\":\"Ziegler Erden - Produktion Blumenerde\",\"isPartOf\":{\"@id\":\"https:\/\/2025.ziegler-erden.de\/#website\"},\"datePublished\":\"2016-08-14T13:31:38+00:00\",\"dateModified\":\"2019-02-28T22:19:47+00:00\",\"description\":\"Im Erdenwerk Ziegler werden Blumenerden, Substrate und Mulche entwickelt und produziert, die den Bedarf f\u00fcr Profi- und Hobbyg\u00e4rtner gleicherma\u00dfen decken.\",\"breadcrumb\":{\"@id\":\"https:\/\/2025.ziegler-erden.de\/ueber-uns\/produktion-erden\/#breadcrumb\"},\"inLanguage\":\"en-US\",\"potentialAction\":[{\"@type\":\"ReadAction\",\"target\":[\"https:\/\/2025.ziegler-erden.de\/ueber-uns\/produktion-erden\/\"]}]},{\"@type\":\"BreadcrumbList\",\"@id\":\"https:\/\/2025.ziegler-erden.de\/ueber-uns\/produktion-erden\/#breadcrumb\",\"itemListElement\":[{\"@type\":\"ListItem\",\"position\":1,\"name\":\"\u00dcber uns\",\"item\":\"https:\/\/2025.ziegler-erden.de\/ueber-uns\/\"},{\"@type\":\"ListItem\",\"position\":2,\"name\":\"Produktion Erden\"}]},{\"@type\":\"WebSite\",\"@id\":\"https:\/\/2025.ziegler-erden.de\/#website\",\"url\":\"https:\/\/2025.ziegler-erden.de\/\",\"name\":\"Ziegler-Erden\",\"description\":\"Blumenerde, D\u00fcnger und Brennstoffe.\",\"potentialAction\":[{\"@type\":\"SearchAction\",\"target\":{\"@type\":\"EntryPoint\",\"urlTemplate\":\"https:\/\/2025.ziegler-erden.de\/?s={search_term_string}\"},\"query-input\":{\"@type\":\"PropertyValueSpecification\",\"valueRequired\":true,\"valueName\":\"search_term_string\"}}],\"inLanguage\":\"en-US\"}]}<\/script>\n<!-- \/ Yoast SEO plugin. -->","yoast_head_json":{"title":"Ziegler Erden - Produktion Blumenerde","description":"Im Erdenwerk Ziegler werden Blumenerden, Substrate und Mulche entwickelt und produziert, die den Bedarf f\u00fcr Profi- und Hobbyg\u00e4rtner gleicherma\u00dfen decken.","robots":{"index":"index","follow":"follow","max-snippet":"max-snippet:-1","max-image-preview":"max-image-preview:large","max-video-preview":"max-video-preview:-1"},"canonical":"https:\/\/2025.ziegler-erden.de\/ueber-uns\/produktion-erden\/","og_locale":"en_US","og_type":"article","og_title":"Ziegler Erden - Produktion Blumenerde","og_description":"Im Erdenwerk Ziegler werden Blumenerden, Substrate und Mulche entwickelt und produziert, die den Bedarf f\u00fcr Profi- und Hobbyg\u00e4rtner gleicherma\u00dfen decken.","og_url":"https:\/\/2025.ziegler-erden.de\/ueber-uns\/produktion-erden\/","og_site_name":"Ziegler-Erden","article_modified_time":"2019-02-28T22:19:47+00:00","og_image":[{"url":"http:\/\/2025.ziegler-erden.de\/wp-content\/uploads\/2016\/08\/zieglererden_produktion_erden.jpg","type":"","width":"","height":""}],"twitter_card":"summary_large_image","schema":{"@context":"https:\/\/schema.org","@graph":[{"@type":"WebPage","@id":"https:\/\/2025.ziegler-erden.de\/ueber-uns\/produktion-erden\/","url":"https:\/\/2025.ziegler-erden.de\/ueber-uns\/produktion-erden\/","name":"Ziegler Erden - Produktion Blumenerde","isPartOf":{"@id":"https:\/\/2025.ziegler-erden.de\/#website"},"datePublished":"2016-08-14T13:31:38+00:00","dateModified":"2019-02-28T22:19:47+00:00","description":"Im Erdenwerk Ziegler werden Blumenerden, Substrate und Mulche entwickelt und produziert, die den Bedarf f\u00fcr Profi- und Hobbyg\u00e4rtner gleicherma\u00dfen decken.","breadcrumb":{"@id":"https:\/\/2025.ziegler-erden.de\/ueber-uns\/produktion-erden\/#breadcrumb"},"inLanguage":"en-US","potentialAction":[{"@type":"ReadAction","target":["https:\/\/2025.ziegler-erden.de\/ueber-uns\/produktion-erden\/"]}]},{"@type":"BreadcrumbList","@id":"https:\/\/2025.ziegler-erden.de\/ueber-uns\/produktion-erden\/#breadcrumb","itemListElement":[{"@type":"ListItem","position":1,"name":"\u00dcber uns","item":"https:\/\/2025.ziegler-erden.de\/ueber-uns\/"},{"@type":"ListItem","position":2,"name":"Produktion Erden"}]},{"@type":"WebSite","@id":"https:\/\/2025.ziegler-erden.de\/#website","url":"https:\/\/2025.ziegler-erden.de\/","name":"Ziegler-Erden","description":"Blumenerde, D\u00fcnger und Brennstoffe.","potentialAction":[{"@type":"SearchAction","target":{"@type":"EntryPoint","urlTemplate":"https:\/\/2025.ziegler-erden.de\/?s={search_term_string}"},"query-input":{"@type":"PropertyValueSpecification","valueRequired":true,"valueName":"search_term_string"}}],"inLanguage":"en-US"}]}},"_links":{"self":[{"href":"https:\/\/2025.ziegler-erden.de\/en\/wp-json\/wp\/v2\/pages\/413","targetHints":{"allow":["GET"]}}],"collection":[{"href":"https:\/\/2025.ziegler-erden.de\/en\/wp-json\/wp\/v2\/pages"}],"about":[{"href":"https:\/\/2025.ziegler-erden.de\/en\/wp-json\/wp\/v2\/types\/page"}],"author":[{"embeddable":true,"href":"https:\/\/2025.ziegler-erden.de\/en\/wp-json\/wp\/v2\/users\/2"}],"replies":[{"embeddable":true,"href":"https:\/\/2025.ziegler-erden.de\/en\/wp-json\/wp\/v2\/comments?post=413"}],"version-history":[{"count":35,"href":"https:\/\/2025.ziegler-erden.de\/en\/wp-json\/wp\/v2\/pages\/413\/revisions"}],"predecessor-version":[{"id":4905,"href":"https:\/\/2025.ziegler-erden.de\/en\/wp-json\/wp\/v2\/pages\/413\/revisions\/4905"}],"up":[{"embeddable":true,"href":"https:\/\/2025.ziegler-erden.de\/en\/wp-json\/wp\/v2\/pages\/26"}],"wp:attachment":[{"href":"https:\/\/2025.ziegler-erden.de\/en\/wp-json\/wp\/v2\/media?parent=413"}],"curies":[{"name":"wp","href":"https:\/\/api.w.org\/{rel}","templated":true}]}}