{"id":6560,"date":"2024-04-17T22:57:41","date_gmt":"2024-04-17T20:57:41","guid":{"rendered":"https:\/\/2025.ziegler-erden.de\/?page_id=6560"},"modified":"2025-02-12T09:34:44","modified_gmt":"2025-02-12T08:34:44","slug":"recycling","status":"publish","type":"page","link":"https:\/\/2025.ziegler-erden.de\/en\/ueber-uns\/nachhaltigkeit\/recycling\/","title":{"rendered":"(DE) Recycling"},"content":{"rendered":"","protected":false},"excerpt":{"rendered":"","protected":false},"author":2,"featured_media":0,"parent":35,"menu_order":0,"comment_status":"closed","ping_status":"closed","template":"page-standard.php","meta":{"_acf_changed":false,"footnotes":""},"class_list":["post-6560","page","type-page","status-publish","hentry"],"acf":[],"yoast_head":"<!-- This site is optimized with the Yoast SEO plugin v24.5 - https:\/\/yoast.com\/wordpress\/plugins\/seo\/ -->\n<title><\/title>\n<meta name=\"description\" content=\"Wir legen gro\u00dfen Wert auf geringste Umweltbelastung unserer Produkte. Deshalb verwenden wir f\u00fcr unsere Verpackungen ausschlie\u00dflich hochgradig recyclingf\u00e4hige Kunststoffe. Erfahre Sie mehr \u00fcber die Reduzierung von Ressourcen.\" \/>\n<meta name=\"robots\" content=\"noindex, nofollow\" \/>\n<meta property=\"og:locale\" content=\"en_US\" \/>\n<meta property=\"og:type\" content=\"article\" \/>\n<meta property=\"og:title\" content=\"(DE) Ziegler-Erden - Recycling\" \/>\n<meta property=\"og:description\" content=\"Wir legen gro\u00dfen Wert auf geringste Umweltbelastung unserer Produkte. Deshalb verwenden wir f\u00fcr unsere Verpackungen ausschlie\u00dflich hochgradig recyclingf\u00e4hige Kunststoffe. Erfahre Sie mehr \u00fcber die Reduzierung von Ressourcen.\" \/>\n<meta property=\"og:url\" content=\"https:\/\/2025.ziegler-erden.de\/ueber-uns\/nachhaltigkeit\/recycling\/\" \/>\n<meta property=\"og:site_name\" content=\"Ziegler-Erden\" \/>\n<meta property=\"article:modified_time\" content=\"2025-02-12T08:34:44+00:00\" \/>\n<meta name=\"twitter:card\" content=\"summary_large_image\" \/>\n<script type=\"application\/ld+json\" class=\"yoast-schema-graph\">{\"@context\":\"https:\/\/schema.org\",\"@graph\":[{\"@type\":\"WebPage\",\"@id\":\"https:\/\/2025.ziegler-erden.de\/ueber-uns\/nachhaltigkeit\/recycling\/\",\"url\":\"https:\/\/2025.ziegler-erden.de\/ueber-uns\/nachhaltigkeit\/recycling\/\",\"name\":\"Ziegler-Erden - [:de]Recycling[:]\",\"isPartOf\":{\"@id\":\"https:\/\/2025.ziegler-erden.de\/#website\"},\"datePublished\":\"2024-04-17T20:57:41+00:00\",\"dateModified\":\"2025-02-12T08:34:44+00:00\",\"description\":\"Wir legen gro\u00dfen Wert auf geringste Umweltbelastung unserer Produkte. Deshalb verwenden wir f\u00fcr unsere Verpackungen ausschlie\u00dflich hochgradig recyclingf\u00e4hige Kunststoffe. Erfahre Sie mehr \u00fcber die Reduzierung von Ressourcen.\",\"breadcrumb\":{\"@id\":\"https:\/\/2025.ziegler-erden.de\/ueber-uns\/nachhaltigkeit\/recycling\/#breadcrumb\"},\"inLanguage\":\"en-US\",\"potentialAction\":[{\"@type\":\"ReadAction\",\"target\":[\"https:\/\/2025.ziegler-erden.de\/ueber-uns\/nachhaltigkeit\/recycling\/\"]}]},{\"@type\":\"BreadcrumbList\",\"@id\":\"https:\/\/2025.ziegler-erden.de\/ueber-uns\/nachhaltigkeit\/recycling\/#breadcrumb\",\"itemListElement\":[{\"@type\":\"ListItem\",\"position\":1,\"name\":\"\u00dcber uns\",\"item\":\"https:\/\/2025.ziegler-erden.de\/ueber-uns\/\"},{\"@type\":\"ListItem\",\"position\":2,\"name\":\"Nachhaltigkeit\",\"item\":\"https:\/\/2025.ziegler-erden.de\/ueber-uns\/nachhaltigkeit\/\"},{\"@type\":\"ListItem\",\"position\":3,\"name\":\"Recycling\"}]},{\"@type\":\"WebSite\",\"@id\":\"https:\/\/2025.ziegler-erden.de\/#website\",\"url\":\"https:\/\/2025.ziegler-erden.de\/\",\"name\":\"Ziegler-Erden\",\"description\":\"Blumenerde, D\u00fcnger und Brennstoffe.\",\"potentialAction\":[{\"@type\":\"SearchAction\",\"target\":{\"@type\":\"EntryPoint\",\"urlTemplate\":\"https:\/\/2025.ziegler-erden.de\/?s={search_term_string}\"},\"query-input\":{\"@type\":\"PropertyValueSpecification\",\"valueRequired\":true,\"valueName\":\"search_term_string\"}}],\"inLanguage\":\"en-US\"}]}<\/script>\n<!-- \/ Yoast SEO plugin. -->","yoast_head_json":{"title":"Ziegler-Erden - [:de]Recycling[:]","description":"Wir legen gro\u00dfen Wert auf geringste Umweltbelastung unserer Produkte. Deshalb verwenden wir f\u00fcr unsere Verpackungen ausschlie\u00dflich hochgradig recyclingf\u00e4hige Kunststoffe. Erfahre Sie mehr \u00fcber die Reduzierung von Ressourcen.","robots":{"index":"noindex","follow":"nofollow"},"og_locale":"en_US","og_type":"article","og_title":"(DE) Ziegler-Erden - Recycling","og_description":"Wir legen gro\u00dfen Wert auf geringste Umweltbelastung unserer Produkte. Deshalb verwenden wir f\u00fcr unsere Verpackungen ausschlie\u00dflich hochgradig recyclingf\u00e4hige Kunststoffe. Erfahre Sie mehr \u00fcber die Reduzierung von Ressourcen.","og_url":"https:\/\/2025.ziegler-erden.de\/ueber-uns\/nachhaltigkeit\/recycling\/","og_site_name":"Ziegler-Erden","article_modified_time":"2025-02-12T08:34:44+00:00","twitter_card":"summary_large_image","schema":{"@context":"https:\/\/schema.org","@graph":[{"@type":"WebPage","@id":"https:\/\/2025.ziegler-erden.de\/ueber-uns\/nachhaltigkeit\/recycling\/","url":"https:\/\/2025.ziegler-erden.de\/ueber-uns\/nachhaltigkeit\/recycling\/","name":"Ziegler-Erden - [:de]Recycling[:]","isPartOf":{"@id":"https:\/\/2025.ziegler-erden.de\/#website"},"datePublished":"2024-04-17T20:57:41+00:00","dateModified":"2025-02-12T08:34:44+00:00","description":"Wir legen gro\u00dfen Wert auf geringste Umweltbelastung unserer Produkte. Deshalb verwenden wir f\u00fcr unsere Verpackungen ausschlie\u00dflich hochgradig recyclingf\u00e4hige Kunststoffe. Erfahre Sie mehr \u00fcber die Reduzierung von Ressourcen.","breadcrumb":{"@id":"https:\/\/2025.ziegler-erden.de\/ueber-uns\/nachhaltigkeit\/recycling\/#breadcrumb"},"inLanguage":"en-US","potentialAction":[{"@type":"ReadAction","target":["https:\/\/2025.ziegler-erden.de\/ueber-uns\/nachhaltigkeit\/recycling\/"]}]},{"@type":"BreadcrumbList","@id":"https:\/\/2025.ziegler-erden.de\/ueber-uns\/nachhaltigkeit\/recycling\/#breadcrumb","itemListElement":[{"@type":"ListItem","position":1,"name":"\u00dcber uns","item":"https:\/\/2025.ziegler-erden.de\/ueber-uns\/"},{"@type":"ListItem","position":2,"name":"Nachhaltigkeit","item":"https:\/\/2025.ziegler-erden.de\/ueber-uns\/nachhaltigkeit\/"},{"@type":"ListItem","position":3,"name":"Recycling"}]},{"@type":"WebSite","@id":"https:\/\/2025.ziegler-erden.de\/#website","url":"https:\/\/2025.ziegler-erden.de\/","name":"Ziegler-Erden","description":"Blumenerde, D\u00fcnger und Brennstoffe.","potentialAction":[{"@type":"SearchAction","target":{"@type":"EntryPoint","urlTemplate":"https:\/\/2025.ziegler-erden.de\/?s={search_term_string}"},"query-input":{"@type":"PropertyValueSpecification","valueRequired":true,"valueName":"search_term_string"}}],"inLanguage":"en-US"}]}},"_links":{"self":[{"href":"https:\/\/2025.ziegler-erden.de\/en\/wp-json\/wp\/v2\/pages\/6560","targetHints":{"allow":["GET"]}}],"collection":[{"href":"https:\/\/2025.ziegler-erden.de\/en\/wp-json\/wp\/v2\/pages"}],"about":[{"href":"https:\/\/2025.ziegler-erden.de\/en\/wp-json\/wp\/v2\/types\/page"}],"author":[{"embeddable":true,"href":"https:\/\/2025.ziegler-erden.de\/en\/wp-json\/wp\/v2\/users\/2"}],"replies":[{"embeddable":true,"href":"https:\/\/2025.ziegler-erden.de\/en\/wp-json\/wp\/v2\/comments?post=6560"}],"version-history":[{"count":140,"href":"https:\/\/2025.ziegler-erden.de\/en\/wp-json\/wp\/v2\/pages\/6560\/revisions"}],"predecessor-version":[{"id":7135,"href":"https:\/\/2025.ziegler-erden.de\/en\/wp-json\/wp\/v2\/pages\/6560\/revisions\/7135"}],"up":[{"embeddable":true,"href":"https:\/\/2025.ziegler-erden.de\/en\/wp-json\/wp\/v2\/pages\/35"}],"wp:attachment":[{"href":"https:\/\/2025.ziegler-erden.de\/en\/wp-json\/wp\/v2\/media?parent=6560"}],"curies":[{"name":"wp","href":"https:\/\/api.w.org\/{rel}","templated":true}]}}