{"id":4982,"date":"2019-11-13T11:29:55","date_gmt":"2019-11-13T10:29:55","guid":{"rendered":"https:\/\/2025.ziegler-erden.de\/?page_id=4982"},"modified":"2025-01-23T13:04:46","modified_gmt":"2025-01-23T12:04:46","slug":"ausbildung","status":"publish","type":"page","link":"https:\/\/2025.ziegler-erden.de\/it\/ueber-uns\/jobs\/ausbildung\/","title":{"rendered":"(DE) Ausbildung"},"content":{"rendered":"","protected":false},"excerpt":{"rendered":"","protected":false},"author":2,"featured_media":0,"parent":37,"menu_order":0,"comment_status":"closed","ping_status":"closed","template":"page-standard.php","meta":{"_acf_changed":false,"footnotes":""},"class_list":["post-4982","page","type-page","status-publish","hentry"],"acf":[],"yoast_head":"<!-- This site is optimized with the Yoast SEO plugin v24.5 - https:\/\/yoast.com\/wordpress\/plugins\/seo\/ -->\n<title><\/title>\n<meta name=\"description\" content=\"Das Erdenwerk Ziegler in der Oberpfalz bietet Ausbildungspl\u00e4tze f\u00fcr 2025 f\u00fcr Mechaniker, Elektriker und Kauffrauen\/-m\u00e4nner. Jetzt bewerben!\" \/>\n<meta name=\"robots\" content=\"index, follow, max-snippet:-1, max-image-preview:large, max-video-preview:-1\" \/>\n<link rel=\"canonical\" href=\"https:\/\/2025.ziegler-erden.de\/ueber-uns\/jobs\/ausbildung\/\" \/>\n<meta property=\"og:locale\" content=\"it_IT\" \/>\n<meta property=\"og:type\" content=\"article\" \/>\n<meta property=\"og:title\" content=\"(DE) Ziegler-Erden - Ausbildung\" \/>\n<meta property=\"og:description\" content=\"Das Erdenwerk Ziegler in der Oberpfalz bietet Ausbildungspl\u00e4tze f\u00fcr 2025 f\u00fcr Mechaniker, Elektriker und Kauffrauen\/-m\u00e4nner. Jetzt bewerben!\" \/>\n<meta property=\"og:url\" content=\"https:\/\/2025.ziegler-erden.de\/ueber-uns\/jobs\/ausbildung\/\" \/>\n<meta property=\"og:site_name\" content=\"Ziegler-Erden\" \/>\n<meta property=\"article:modified_time\" content=\"2025-01-23T12:04:46+00:00\" \/>\n<meta name=\"twitter:card\" content=\"summary_large_image\" \/>\n<script type=\"application\/ld+json\" class=\"yoast-schema-graph\">{\"@context\":\"https:\/\/schema.org\",\"@graph\":[{\"@type\":\"WebPage\",\"@id\":\"https:\/\/2025.ziegler-erden.de\/ueber-uns\/jobs\/ausbildung\/\",\"url\":\"https:\/\/2025.ziegler-erden.de\/ueber-uns\/jobs\/ausbildung\/\",\"name\":\"Ziegler-Erden - [:de]Ausbildung[:]\",\"isPartOf\":{\"@id\":\"https:\/\/2025.ziegler-erden.de\/#website\"},\"datePublished\":\"2019-11-13T10:29:55+00:00\",\"dateModified\":\"2025-01-23T12:04:46+00:00\",\"description\":\"Das Erdenwerk Ziegler in der Oberpfalz bietet Ausbildungspl\u00e4tze f\u00fcr 2025 f\u00fcr Mechaniker, Elektriker und Kauffrauen\/-m\u00e4nner. Jetzt bewerben!\",\"breadcrumb\":{\"@id\":\"https:\/\/2025.ziegler-erden.de\/ueber-uns\/jobs\/ausbildung\/#breadcrumb\"},\"inLanguage\":\"it-IT\",\"potentialAction\":[{\"@type\":\"ReadAction\",\"target\":[\"https:\/\/2025.ziegler-erden.de\/ueber-uns\/jobs\/ausbildung\/\"]}]},{\"@type\":\"BreadcrumbList\",\"@id\":\"https:\/\/2025.ziegler-erden.de\/ueber-uns\/jobs\/ausbildung\/#breadcrumb\",\"itemListElement\":[{\"@type\":\"ListItem\",\"position\":1,\"name\":\"\u00dcber uns\",\"item\":\"https:\/\/2025.ziegler-erden.de\/ueber-uns\/\"},{\"@type\":\"ListItem\",\"position\":2,\"name\":\"Karriere\",\"item\":\"https:\/\/2025.ziegler-erden.de\/ueber-uns\/jobs\/\"},{\"@type\":\"ListItem\",\"position\":3,\"name\":\"Ausbildung\"}]},{\"@type\":\"WebSite\",\"@id\":\"https:\/\/2025.ziegler-erden.de\/#website\",\"url\":\"https:\/\/2025.ziegler-erden.de\/\",\"name\":\"Ziegler-Erden\",\"description\":\"Blumenerde, D\u00fcnger und Brennstoffe.\",\"potentialAction\":[{\"@type\":\"SearchAction\",\"target\":{\"@type\":\"EntryPoint\",\"urlTemplate\":\"https:\/\/2025.ziegler-erden.de\/?s={search_term_string}\"},\"query-input\":{\"@type\":\"PropertyValueSpecification\",\"valueRequired\":true,\"valueName\":\"search_term_string\"}}],\"inLanguage\":\"it-IT\"}]}<\/script>\n<!-- \/ Yoast SEO plugin. -->","yoast_head_json":{"title":"Ziegler-Erden - [:de]Ausbildung[:]","description":"Das Erdenwerk Ziegler in der Oberpfalz bietet Ausbildungspl\u00e4tze f\u00fcr 2025 f\u00fcr Mechaniker, Elektriker und Kauffrauen\/-m\u00e4nner. Jetzt bewerben!","robots":{"index":"index","follow":"follow","max-snippet":"max-snippet:-1","max-image-preview":"max-image-preview:large","max-video-preview":"max-video-preview:-1"},"canonical":"https:\/\/2025.ziegler-erden.de\/ueber-uns\/jobs\/ausbildung\/","og_locale":"it_IT","og_type":"article","og_title":"(DE) Ziegler-Erden - Ausbildung","og_description":"Das Erdenwerk Ziegler in der Oberpfalz bietet Ausbildungspl\u00e4tze f\u00fcr 2025 f\u00fcr Mechaniker, Elektriker und Kauffrauen\/-m\u00e4nner. Jetzt bewerben!","og_url":"https:\/\/2025.ziegler-erden.de\/ueber-uns\/jobs\/ausbildung\/","og_site_name":"Ziegler-Erden","article_modified_time":"2025-01-23T12:04:46+00:00","twitter_card":"summary_large_image","schema":{"@context":"https:\/\/schema.org","@graph":[{"@type":"WebPage","@id":"https:\/\/2025.ziegler-erden.de\/ueber-uns\/jobs\/ausbildung\/","url":"https:\/\/2025.ziegler-erden.de\/ueber-uns\/jobs\/ausbildung\/","name":"Ziegler-Erden - [:de]Ausbildung[:]","isPartOf":{"@id":"https:\/\/2025.ziegler-erden.de\/#website"},"datePublished":"2019-11-13T10:29:55+00:00","dateModified":"2025-01-23T12:04:46+00:00","description":"Das Erdenwerk Ziegler in der Oberpfalz bietet Ausbildungspl\u00e4tze f\u00fcr 2025 f\u00fcr Mechaniker, Elektriker und Kauffrauen\/-m\u00e4nner. Jetzt bewerben!","breadcrumb":{"@id":"https:\/\/2025.ziegler-erden.de\/ueber-uns\/jobs\/ausbildung\/#breadcrumb"},"inLanguage":"it-IT","potentialAction":[{"@type":"ReadAction","target":["https:\/\/2025.ziegler-erden.de\/ueber-uns\/jobs\/ausbildung\/"]}]},{"@type":"BreadcrumbList","@id":"https:\/\/2025.ziegler-erden.de\/ueber-uns\/jobs\/ausbildung\/#breadcrumb","itemListElement":[{"@type":"ListItem","position":1,"name":"\u00dcber uns","item":"https:\/\/2025.ziegler-erden.de\/ueber-uns\/"},{"@type":"ListItem","position":2,"name":"Karriere","item":"https:\/\/2025.ziegler-erden.de\/ueber-uns\/jobs\/"},{"@type":"ListItem","position":3,"name":"Ausbildung"}]},{"@type":"WebSite","@id":"https:\/\/2025.ziegler-erden.de\/#website","url":"https:\/\/2025.ziegler-erden.de\/","name":"Ziegler-Erden","description":"Blumenerde, D\u00fcnger und Brennstoffe.","potentialAction":[{"@type":"SearchAction","target":{"@type":"EntryPoint","urlTemplate":"https:\/\/2025.ziegler-erden.de\/?s={search_term_string}"},"query-input":{"@type":"PropertyValueSpecification","valueRequired":true,"valueName":"search_term_string"}}],"inLanguage":"it-IT"}]}},"_links":{"self":[{"href":"https:\/\/2025.ziegler-erden.de\/it\/wp-json\/wp\/v2\/pages\/4982","targetHints":{"allow":["GET"]}}],"collection":[{"href":"https:\/\/2025.ziegler-erden.de\/it\/wp-json\/wp\/v2\/pages"}],"about":[{"href":"https:\/\/2025.ziegler-erden.de\/it\/wp-json\/wp\/v2\/types\/page"}],"author":[{"embeddable":true,"href":"https:\/\/2025.ziegler-erden.de\/it\/wp-json\/wp\/v2\/users\/2"}],"replies":[{"embeddable":true,"href":"https:\/\/2025.ziegler-erden.de\/it\/wp-json\/wp\/v2\/comments?post=4982"}],"version-history":[{"count":56,"href":"https:\/\/2025.ziegler-erden.de\/it\/wp-json\/wp\/v2\/pages\/4982\/revisions"}],"predecessor-version":[{"id":7064,"href":"https:\/\/2025.ziegler-erden.de\/it\/wp-json\/wp\/v2\/pages\/4982\/revisions\/7064"}],"up":[{"embeddable":true,"href":"https:\/\/2025.ziegler-erden.de\/it\/wp-json\/wp\/v2\/pages\/37"}],"wp:attachment":[{"href":"https:\/\/2025.ziegler-erden.de\/it\/wp-json\/wp\/v2\/media?parent=4982"}],"curies":[{"name":"wp","href":"https:\/\/api.w.org\/{rel}","templated":true}]}}